{"id":13,"date":"2016-01-03T17:15:42","date_gmt":"2016-01-03T17:15:42","guid":{"rendered":"https:\/\/www.falken-rlp.de\/?page_id=13"},"modified":"2016-01-03T17:15:42","modified_gmt":"2016-01-03T17:15:42","slug":"politische-positionen","status":"publish","type":"page","link":"https:\/\/falken-rlp.de\/?page_id=13","title":{"rendered":"Politische Positionen"},"content":{"rendered":"<p><strong>Demokratisch<\/strong><\/p>\n<p>Seit dem Bestehen der Falken hat Falkenarbeit bedeutet, Raum zu geben f\u00fcr eine demokratische (Selbst-)Erziehung von Kinder und Jugendlichen. Das bedeutet in der Tradition der Falken nicht nur, dass sich unsere Angebote an Kinder und Jugendliche richten, sondern ebenso, dass unser Verband durch seine demokratische Struktur von Kindern und jungen Erwachsenen selbst gestaltet wird. So kann mensch sich ab dem 6. Lebensjahr in unserem Verband engagieren und \u00fcber die Angebote und Positionen des Verbandes mitentscheiden.<\/p>\n<p>&nbsp;<\/p>\n<p><strong>Politisch <\/strong><\/p>\n<p>Wir sind ein politischer Verband. Politisch bedeutet nicht, dass wir Parteipolitik machen, sondern, dass unser Ziel als unabh\u00e4ngiger Kinder- und Jugendverband darin besteht, Kindern und Jugendlichen Raum zu geben in dem sie sich demokratisch erproben k\u00f6nnen und ihnen zugleich eine aktive Beteiligung an der Gestaltung politischer Prozesse in der Gesellschaft zu erm\u00f6glichen. Dazu dienen sowohl unsere demokratischen Strukturen als auch verschiedene politische Seminare in denen Kinder und Jugendliche zu unterschiedlichen inhaltlichen Themen diskutieren k\u00f6nnen.<\/p>\n<p>&nbsp;<\/p>\n<p><strong>Sozialistisch<\/strong><\/p>\n<p>Die Abk\u00fcrzung \u201eSJD\u201c in unserem Namen hei\u00dft Sozialistische Jugend Deutschlands. Leider wird der Begriff Sozialismus heutzutage allzu oft mit der DDR gleichgesetzt gegen die die Falken seit ihrem bestehen aktiv gearbeitet haben. Urspr\u00fcnglich stammt der Begriff ebenso wie die Falken aus der ArbeiterInnenbewegung und umfasst genauso wie den Kommunismus auch die Sozialdemokratie, die sich beispielsweise im Namen der SPD wiederfindet. Grunds\u00e4tzlich k\u00f6nnen sich hinter diesem Begriff ganz unterschiedliche Meinungen verbergen. Dabei zeichnet jedoch die meisten sozialistischen Ideen aus, dass sie danach streben allen Menschen ein w\u00fcrdiges Leben zu erm\u00f6glichen. Auch als Falken stehen wir hinter diesem Ziel, sehen uns jedoch als demokratische Gegner all derer die versuchen dieses Ziel auf undemokratische Weise durch Gewalt, \u00dcberwachung und Unterdr\u00fcckung zu erreichen.<\/p>\n<p>&nbsp;<\/p>\n<p><strong>Emanzipatorisch<\/strong><\/p>\n<p>Auch dieser Begriff wird h\u00e4ufig lediglich mit einer sehr wichtigen gesellschaftlichen Bewegung gleichgesetzt \u2013 der Frauenbewegung. Das Wort Emanzipation kommt aus dem lateinischen und bezeichnet \u00fcbersetzt ungef\u00e4hr die Losl\u00f6sung in die Eigenst\u00e4ndigkeit. Doch wovon wollen wir uns losl\u00f6sen? Grundlegend f\u00fcr diese Frage ist die Idee, dass es sich bei der Gesellschaft nicht um ein fixes, unbewegliches System handelt, sondern um einen Prozess, der aktiv mitgestaltet werden muss. Diesem Gedanken folgend kommt es jedoch an vielen Stellen in der Gesellschaft zu Verfestigungen bestimmter Machtverh\u00e4ltnisse. Das klassische Beispiel bietet das wirtschaftliche Kapital. Ein\/e FabrikbesitzerIn besitzt eine gewisse Macht \u00fcber die ArbeiterInnen, die f\u00fcr sie oder ihn arbeiten, da ihre Lebenssicherung davon abh\u00e4ngt, ob und wie viel Gehalt sie bekommen. Das kann zu Ausbeutung f\u00fchren. Doch wie beispielsweise auch die Frauenbewegung gezeigt hat, k\u00f6nnen sich diese Machtverh\u00e4ltnisse auch anhand anderer Ma\u00dfst\u00e4be als dem wirtschaftlichen Verm\u00f6gen ausdr\u00fccken. So k\u00f6nnen Menschen zum Beispiel ebenso aufgrund ihres Geschlechts, ihrer Herkunft, ihrer sexuellen Orientierung oder aufgrund von k\u00f6rperlichen Veranlagungen wie der Hautfarbe oder bestimmter Beeintr\u00e4chtigungen strukturell und individuell benachteiligt werden. Diese Benachteiligung wird Diskriminierung genannt. F\u00fcr uns bezeichnet der Begriff emanzipatorisch, dass wir uns von Verh\u00e4ltnissen aufgrund derer Menschen diskriminiert \u2013 also anhand bestimmter Merkmale grunds\u00e4tzlich schlechter behandelt \u2013 werden, losl\u00f6sen m\u00f6chten sowie die Losl\u00f6sung von diesen Verh\u00e4ltnissen unterst\u00fctzen und aktiv betreiben.<\/p>\n","protected":false},"excerpt":{"rendered":"<p>Demokratisch Seit dem Bestehen der Falken hat Falkenarbeit bedeutet, Raum zu geben f\u00fcr eine demokratische (Selbst-)Erziehung von Kinder und Jugendlichen.&hellip;<\/p>\n","protected":false},"author":1,"featured_media":0,"parent":0,"menu_order":0,"comment_status":"closed","ping_status":"closed","template":"","meta":{"jetpack_post_was_ever_published":false,"footnotes":""},"class_list":["post-13","page","type-page","status-publish","hentry"],"jetpack_sharing_enabled":true,"jetpack_shortlink":"https:\/\/wp.me\/P73DfO-d","jetpack-related-posts":[],"_links":{"self":[{"href":"https:\/\/falken-rlp.de\/index.php?rest_route=\/wp\/v2\/pages\/13","targetHints":{"allow":["GET"]}}],"collection":[{"href":"https:\/\/falken-rlp.de\/index.php?rest_route=\/wp\/v2\/pages"}],"about":[{"href":"https:\/\/falken-rlp.de\/index.php?rest_route=\/wp\/v2\/types\/page"}],"author":[{"embeddable":true,"href":"https:\/\/falken-rlp.de\/index.php?rest_route=\/wp\/v2\/users\/1"}],"replies":[{"embeddable":true,"href":"https:\/\/falken-rlp.de\/index.php?rest_route=%2Fwp%2Fv2%2Fcomments&post=13"}],"version-history":[{"count":2,"href":"https:\/\/falken-rlp.de\/index.php?rest_route=\/wp\/v2\/pages\/13\/revisions"}],"predecessor-version":[{"id":15,"href":"https:\/\/falken-rlp.de\/index.php?rest_route=\/wp\/v2\/pages\/13\/revisions\/15"}],"wp:attachment":[{"href":"https:\/\/falken-rlp.de\/index.php?rest_route=%2Fwp%2Fv2%2Fmedia&parent=13"}],"curies":[{"name":"wp","href":"https:\/\/api.w.org\/{rel}","templated":true}]}}