{"id":170,"date":"2016-01-31T04:24:48","date_gmt":"2016-01-31T04:24:48","guid":{"rendered":"https:\/\/www.falken-rlp.de\/?page_id=170"},"modified":"2019-11-27T12:56:45","modified_gmt":"2019-11-27T12:56:45","slug":"mitgliedschaften-co","status":"publish","type":"page","link":"https:\/\/falken-rlp.de\/?page_id=170","title":{"rendered":"Mitgliedschaften &#038; Co"},"content":{"rendered":"<div class=\"inside\">\n<div id=\"mitgliedschaften-co\" class=\"mod_article block\">\n<h3 class=\"ce_headline\">Mitgliedschaften in:<\/h3>\n<p>NDC &#8211; Netzwerk f\u00fcr Demokratie und Courage<\/p>\n<p>F\u00f6rderverein Projekt Osthofen<\/p>\n<p>Landesjugendring Rheinland-Pfalz<\/p>\n<div class=\"ce_text block\">\n<\/div>\n<h3 class=\"ce_headline\">Kooperationen mit:<\/h3>\n<p>In Projekten arbeiten wir h\u00e4ufig mit befreundeten Arbeiter*innenjugend Verb\u00e4nden zusammen. Vor allem mit der Naturfreundejugend, der DGB Jugend und den anderen Gewerkschafts-Jugenden. Dar\u00fcber hinaus stellen auch die AWO RLP, Arbeit&amp;Leben RLP, BIL e.V. und der VVN-BDA (Die Vereinigung der Verfolgten des Naziregimes &#8211; Bund der Antifaschistinnen und Antifaschisten) wiederkehrende B\u00fcndnispartner*innen dar.<\/p>\n<\/div>\n<\/div>\n","protected":false},"excerpt":{"rendered":"<p>Mitgliedschaften in: NDC &#8211; Netzwerk f\u00fcr Demokratie und Courage F\u00f6rderverein Projekt Osthofen Landesjugendring Rheinland-Pfalz Kooperationen mit: In Projekten arbeiten wir&hellip;<\/p>\n","protected":false},"author":1,"featured_media":0,"parent":2,"menu_order":0,"comment_status":"closed","ping_status":"closed","template":"","meta":{"jetpack_post_was_ever_published":false,"footnotes":""},"class_list":["post-170","page","type-page","status-publish","hentry"],"jetpack_sharing_enabled":true,"jetpack_shortlink":"https:\/\/wp.me\/P73DfO-2K","jetpack-related-posts":[],"_links":{"self":[{"href":"https:\/\/falken-rlp.de\/index.php?rest_route=\/wp\/v2\/pages\/170","targetHints":{"allow":["GET"]}}],"collection":[{"href":"https:\/\/falken-rlp.de\/index.php?rest_route=\/wp\/v2\/pages"}],"about":[{"href":"https:\/\/falken-rlp.de\/index.php?rest_route=\/wp\/v2\/types\/page"}],"author":[{"embeddable":true,"href":"https:\/\/falken-rlp.de\/index.php?rest_route=\/wp\/v2\/users\/1"}],"replies":[{"embeddable":true,"href":"https:\/\/falken-rlp.de\/index.php?rest_route=%2Fwp%2Fv2%2Fcomments&post=170"}],"version-history":[{"count":3,"href":"https:\/\/falken-rlp.de\/index.php?rest_route=\/wp\/v2\/pages\/170\/revisions"}],"predecessor-version":[{"id":2783,"href":"https:\/\/falken-rlp.de\/index.php?rest_route=\/wp\/v2\/pages\/170\/revisions\/2783"}],"up":[{"embeddable":true,"href":"https:\/\/falken-rlp.de\/index.php?rest_route=\/wp\/v2\/pages\/2"}],"wp:attachment":[{"href":"https:\/\/falken-rlp.de\/index.php?rest_route=%2Fwp%2Fv2%2Fmedia&parent=170"}],"curies":[{"name":"wp","href":"https:\/\/api.w.org\/{rel}","templated":true}]}}