{"id":2,"date":"2015-12-09T03:33:20","date_gmt":"2015-12-09T03:33:20","guid":{"rendered":"http:\/\/wp44m.a10-52-158-154.qa.plesk.ru\/wordpress\/?page_id=2"},"modified":"2026-04-13T10:19:23","modified_gmt":"2026-04-13T10:19:23","slug":"ueber-uns","status":"publish","type":"page","link":"https:\/\/falken-rlp.de\/?page_id=2","title":{"rendered":"\u00dcber Uns"},"content":{"rendered":"\t\t<div data-elementor-type=\"wp-page\" data-elementor-id=\"2\" class=\"elementor elementor-2\">\n\t\t\t\t\t\t<section class=\"elementor-section elementor-top-section elementor-element elementor-element-52981094 elementor-section-boxed elementor-section-height-default elementor-section-height-default exad-glass-effect-no exad-sticky-section-no\" data-id=\"52981094\" data-element_type=\"section\" data-e-type=\"section\">\n\t\t\t\t\t\t<div class=\"elementor-container elementor-column-gap-default\">\n\t\t\t\t\t<div class=\"elementor-column elementor-col-100 elementor-top-column elementor-element elementor-element-243be3ef exad-glass-effect-no exad-sticky-section-no\" data-id=\"243be3ef\" data-element_type=\"column\" data-e-type=\"column\">\n\t\t\t<div class=\"elementor-widget-wrap elementor-element-populated\">\n\t\t\t\t\t\t<div class=\"elementor-element elementor-element-2a6c79e4 exad-sticky-section-no exad-glass-effect-no elementor-widget elementor-widget-text-editor\" data-id=\"2a6c79e4\" data-element_type=\"widget\" data-e-type=\"widget\" data-widget_type=\"text-editor.default\">\n\t\t\t\t<div class=\"elementor-widget-container\">\n\t\t\t\t\t\t\t\t\t<h2>\u00dcber die Falken RLP<\/h2>\n<p><!-- \/wp:heading --><!-- wp:paragraph --><\/p>\n<p><strong>Wir Falken \u2013 aktiv gegen Rechts<\/strong><\/p>\n<p><!-- \/wp:paragraph --><!-- wp:image {\"align\":\"right\",\"className\":\"is-style-default\"} --><\/p>\n<figure><img decoding=\"async\" src=\"https:\/\/i0.wp.com\/dein-widerstand.de\/wp-content\/uploads\/2017\/06\/Aufkleber_Komischer_Vogel.jpg?resize=218%2C218&amp;ssl=1\" alt=\"\" \/><\/figure>\n<p><!-- \/wp:image --><!-- wp:paragraph --><\/p>\n<p>Wir, die Sozialistische Jugend Deutschlands \u2013 Die Falken, sind <strong>anerkannter Tr\u00e4ger der Kinder- und Jugendhilfe <\/strong>und als freiwilliger Zusammenschluss von Kindern und Jugendlichen bundesweit vertreten. Seit mehr als hundert Jahren sind wir als Teil der Arbeiterjugendbewegung aktiv. Nach dem Verbot unserer Vorg\u00e4ngerorganisationen durch die Nationalsozialisten waren wir in der jungen Bundesrepublik bewusst ein aktiver Baustein der entstehenden Zivilgesellschaft und der lebendigen Jugendverbandsarbeit. Die Falken sind Gr\u00fcndungsmitglied der in den 1950er Jahren entstandenen Jugendringe auf Bundes-, Landes- und h\u00e4ufig auch auf kommunaler Ebene. Seit den 1990er Jahren gibt es uns auch in den neuen Bundesl\u00e4ndern wieder, in der DDR waren die Falken verboten.<\/p>\n<p><!-- \/wp:paragraph --><!-- wp:paragraph --><\/p>\n<p>Wir Falken engagieren uns schon immer gegen Rassismus, Nationalismus, Antisemitismus und Faschismus. Bundesweit sind wir auch deshalb schon oftmals Angriffen von Neonazis ausgesetzt gewesen und der extremen Rechten ein unliebsamer Jugendverband. Mit unserer Arbeit stehen wir f\u00fcr eine v<strong>ielf\u00e4ltige, weltoffene und menschliche Gesellschaft<\/strong> ein. Wir sind fest davon \u00fcberzeugt, dass alle Menschen ein Recht auf ein Leben in W\u00fcrde und auf ein selbstbestimmtes Leben haben. Wir stehen daf\u00fcr ein, dass Kinder und Jugendliche aktiv an einer Gesellschaft teilhaben k\u00f6nnen, in der alle Menschen gleich, aber trotzdem verschieden sind!<\/p>\n<p><!-- \/wp:paragraph --><!-- wp:separator {\"opacity\":\"css\",\"className\":\"is-style-wide\"} --><\/p>\n<hr \/>\n<p><!-- \/wp:separator --><\/p>\n<h2>Wer wir sind &#8211; was wir wollen<\/h2>\n<p style=\"text-align: justify;\">Die Sozialistische Jugend Deutschlands &#8211; Die Falken ist ein <strong>unabh\u00e4ngiger Kinder- und Jugendverband<\/strong>, der aus der Tradition der sozialistischen und sozialdemokratischen Arbeiterjugendbewegung hervorgegangen ist.<\/p>\n<p style=\"text-align: justify;\">Die SJD &#8211; Die Falken ist in allen Bundesl\u00e4ndern aktiv. Mit den Falken k\u00f6nnen Kinder und Jugendliche Mitbestimmung und Selbstorganisation erleben, ins Zeltlager fahren, politisch aktiv werden oder sich als Freiwillige in der Gruppenarbeit engagieren. Zentrale Prinzipien des Verbandes sind solidarisches und vorurteilsfreies Zusammenleben, Freiheit, Gleichheit und die Ablehnung jeder Form von Gewalt und Unterdr\u00fcckung.<\/p>\n<p style=\"text-align: justify;\">Da wir uns als Kinder- und Jugendverband gr\u00f6\u00dftenteils ehrenamtlich organisieren, sind wir auf personelle und finanzielle Unterst\u00fctzung angewiesen. Spenden k\u00f6nnt ihr uns an: <strong>SJD \u2013 Die Falken Rheinland-Pfalz, Genobank Mainz, BLZ 550 606 11, Konto 256536 (Wir stellen Euch auch gerne eine Spendenquittung aus)<\/strong>. Wenn Ihr bei und mitmachen wollt, erfahrt Ihr in der Rubrik &#8222;Mitmachen&#8220; weiteres.<\/p>\n<p><!-- wp:columns --><!-- wp:column \/--><!-- \/wp:columns --><!-- wp:columns --><!-- wp:column \/--><!-- wp:column \/--><!-- \/wp:columns --><!-- wp:group --><!-- wp:columns --><!-- wp:column {\"width\":\"100%\"} --><\/p>\n<p><!-- wp:paragraph --><\/p>\n<h2><strong>Das Hauptstadtb\u00fcro<\/strong><\/h2>\n<p><!-- \/wp:paragraph --><!-- wp:paragraph --><\/p>\n<p>SJD &#8211; Die Falken Rheinland-Pfalz,<\/p>\n<p><!-- \/wp:paragraph --><!-- wp:paragraph --><\/p>\n<p>Romano-Guardini-Platz 1, 55116 Mainz<\/p>\n<p><!-- \/wp:paragraph --><!-- wp:paragraph --><\/p>\n<p><strong>Ansprechpartnerin:\u00a0<\/strong>Jessica Seubert<\/p>\n<p><!-- \/wp:paragraph --><!-- wp:paragraph --><\/p>\n<p><strong>Mobil:<a href=\"http:\/\/0157 55184001\" data-wplink-url-error=\"true\">\u00a0<\/a><\/strong>+49 157 55184001<\/p>\n<p><!-- \/wp:paragraph --><!-- wp:paragraph --><\/p>\n<p><strong>Mail:\u00a0<\/strong><a href=\"mailto:jessica.seubert@falken-rlp.de\" data-discover=\"true\">jessica.seubert@falken-rlp.de<\/a><\/p>\n<p><!-- \/wp:paragraph --><!-- wp:columns --><!-- wp:column \/--><!-- wp:column \/--><!-- \/wp:columns --><!-- wp:heading --><\/p>\n<h2><strong>Das Rhein-Pfalz-B\u00fcro<\/strong><\/h2>\n<p>SJD &#8211; Die Falken Rheinland-Pfalz<\/p>\n<p><!-- \/wp:paragraph --><!-- wp:paragraph --><\/p>\n<p>Herderstr. 23, 67117 Limburgerhof<\/p>\n<p><strong>Ansprechpartnerin: <\/strong> Lara Riedel<\/p>\n<p><!-- \/wp:paragraph --><!-- wp:paragraph --><\/p>\n<p><strong>Mobil:<\/strong> +49 157 50696928<\/p>\n<p><!-- \/wp:paragraph --><!-- wp:paragraph --><\/p>\n<p><strong>Mail:<\/strong> <a href=\"mailto:lara.riedel@falken-rlp.de\">lara.riedel@falken-rlp.de<\/a><\/p>\n<p><img fetchpriority=\"high\" decoding=\"async\" data-recalc-dims=\"1\" src=\"https:\/\/i0.wp.com\/www.falken-rlp.de\/wp-content\/uploads\/2025\/03\/IMG_0260-270x300.jpeg?resize=270%2C300&#038;ssl=1\" alt=\"\" width=\"270\" height=\"300\" \/><\/p>\n<p><!-- \/wp:paragraph --><!-- wp:paragraph --><\/p>\n<p>\u00a0<\/p>\n<p><!-- \/wp:paragraph --><!-- \/wp:column --><!-- \/wp:columns --><!-- \/wp:group --><!-- wp:paragraph --><\/p>\n<p><!-- \/wp:paragraph --><\/p>\t\t\t\t\t\t\t\t<\/div>\n\t\t\t\t<\/div>\n\t\t\t\t\t<\/div>\n\t\t<\/div>\n\t\t\t\t\t<\/div>\n\t\t<\/section>\n\t\t\t\t<\/div>\n\t\t","protected":false},"excerpt":{"rendered":"<p>\u00dcber die Falken RLP Wir Falken \u2013 aktiv gegen Rechts Wir, die Sozialistische Jugend Deutschlands \u2013 Die Falken, sind anerkannter&hellip;<\/p>\n","protected":false},"author":1,"featured_media":0,"parent":0,"menu_order":0,"comment_status":"closed","ping_status":"closed","template":"","meta":{"jetpack_post_was_ever_published":false,"footnotes":""},"class_list":["post-2","page","type-page","status-publish","hentry"],"jetpack_sharing_enabled":true,"jetpack_shortlink":"https:\/\/wp.me\/P73DfO-2","jetpack-related-posts":[],"_links":{"self":[{"href":"https:\/\/falken-rlp.de\/index.php?rest_route=\/wp\/v2\/pages\/2","targetHints":{"allow":["GET"]}}],"collection":[{"href":"https:\/\/falken-rlp.de\/index.php?rest_route=\/wp\/v2\/pages"}],"about":[{"href":"https:\/\/falken-rlp.de\/index.php?rest_route=\/wp\/v2\/types\/page"}],"author":[{"embeddable":true,"href":"https:\/\/falken-rlp.de\/index.php?rest_route=\/wp\/v2\/users\/1"}],"replies":[{"embeddable":true,"href":"https:\/\/falken-rlp.de\/index.php?rest_route=%2Fwp%2Fv2%2Fcomments&post=2"}],"version-history":[{"count":123,"href":"https:\/\/falken-rlp.de\/index.php?rest_route=\/wp\/v2\/pages\/2\/revisions"}],"predecessor-version":[{"id":3847,"href":"https:\/\/falken-rlp.de\/index.php?rest_route=\/wp\/v2\/pages\/2\/revisions\/3847"}],"wp:attachment":[{"href":"https:\/\/falken-rlp.de\/index.php?rest_route=%2Fwp%2Fv2%2Fmedia&parent=2"}],"curies":[{"name":"wp","href":"https:\/\/api.w.org\/{rel}","templated":true}]}}