{"id":31,"date":"2016-01-03T17:22:57","date_gmt":"2016-01-03T17:22:57","guid":{"rendered":"https:\/\/www.falken-rlp.de\/?page_id=31"},"modified":"2016-01-31T04:07:13","modified_gmt":"2016-01-31T04:07:13","slug":"wir-sind-laut","status":"publish","type":"page","link":"https:\/\/falken-rlp.de\/?page_id=31","title":{"rendered":"Wir sind laut!"},"content":{"rendered":"<p class=\"bodytext\">Wer macht das Kinderfest im Dorf? Wer entwickelt Ideen f\u00fcr mehr Ausbildungspl\u00e4tze? Wer protestiert gegen die Abschiebung von Assanja? Wer kocht f\u00fcr Veganer und Fleischesser im Zeltlager? Wer fordert von der Stadt die F\u00f6rderung des Jugendzentrums?<\/p>\n<p class=\"bodytext\">Ohne freiwilliges Engagement geht bei uns nichts! Wir Falken machen vieles und organisieren alles selbst. Freiwillig und wie wir es wollen organisieren wir Zeltlager, Gruppenstunden, Protestaktionen und vieles, vieles mehr.<\/p>\n<h2>Wer sich engagiert, soll auch was davon haben!<\/h2>\n<p class=\"bodytext\">Wer sich freiwillig engagiert soll auch was davon haben. Wenn wir uns mit Kindern und Jugendlichen f\u00fcr eine gerechte Welt einsetzen, lernen und leben wir gemeinsam gesellschaftliches Engagement. Gesellschaftliches Engagement muss auch von der Gesellschaft anerkannt werden. Wir setzen uns daf\u00fcr ein, dass ehrenamtliche freiwillige T\u00e4tigkeit wahr und ernst genommen wird. Wer sich engagiert muss am Arbeitsplatz bevorzugt werden! Ehrenamtlicher Einsatz f\u00f6rdert Kreativit\u00e4t und soziale Kompetenz. Wer sich engagiert, entwickelt besondere F\u00e4higkeiten, die auch in der Ausbildung und im Studium z\u00e4hlen m\u00fcssen.<\/p>\n<h2>Und manchmal leise!<\/h2>\n<p class=\"bodytext\">Wir werden nicht als GruppenhelferInnen geboren. Deshalb kannst du bei uns alles lernen, was f\u00fcr dein Engagement wichtig ist. Wie eine Gruppe demokratisch funktioniert und wie man sich mit Kindern f\u00fcr ihre Rechte einsetzt, lernen wir gemeinsam in Seminaren und im Zeltlager. Wie wir uns gegen Rassismus wehren und wie Gleichberechtigung funktioniert, erfahren wir auf dem Pfingstcamp und in Workshops.<\/p>\n<h2>Freiwilliges Engagement ist sch\u00f6n,<\/h2>\n<p class=\"bodytext\">Aber die Gesellschaft muss auch f\u00fcr die Rahmenbedingungen sorgen. Kinder- und Jugenderholung, Fortbildung und politische Bildung, internationaler Jugendaustausch und jugendpolitische Interessensvertretung d\u00fcrfen nicht dem Rotstift der \u201eSparkommissare\u201c in St\u00e4dten, Bundesl\u00e4ndern und beim Bund zum Opfer fallen!<\/p>\n<h2>Mit uns kannst du laut werden!<\/h2>\n<p class=\"bodytext\">Mit uns lernst du, du selbst zu sein und im Team zu handeln. Mit uns lernst du fair zu streiten und Konflikte gewaltfrei zu schlichten. Mit uns lernst du Spa\u00df zu haben ohne \u00fcber andere zu lachen. Mit uns lernst du selbstbewusst und kreativ deine F\u00e4higkeiten auszuprobieren.<\/p>\n<p class=\"bodytext\">Mit uns lernst du Zelte aufbauen, die rote Kelle schwingen, dem Kapitalismus die Suppe versalzen, gef\u00fchlvoll Marx lesen, Frieden mit allen Ameisen zu schlie\u00dfen, richtig eine Demo zu organisieren, Kindern Recht(e) zu geben, Rassisten entgegenzutreten, t\u00fcrkisch zu sprechen, gro\u00dfe Spiele mit kleinen Leuten, Andere anders sein zu lassen. Bei uns erh\u00e4ltst du die JugendgruppenleiterInnenCard.<\/p>\n<p class=\"bodytext\">Wir machen Politik in der Gruppenstunde, im Vorstand, auf dem Zeltlager, im Jugendring, \u00fcberall, wo Falken zusammen kommen. Mit uns kannst du dich politisch engagieren und daf\u00fcr sorgen, dass Forderungen von Kindern und Jugendlichen Geh\u00f6r finden.<\/p>\n<p class=\"bodytext\">Engagiere dich mit uns: Werde laut!<\/p>\n","protected":false},"excerpt":{"rendered":"<p>Wer macht das Kinderfest im Dorf? Wer entwickelt Ideen f\u00fcr mehr Ausbildungspl\u00e4tze? Wer protestiert gegen die Abschiebung von Assanja? Wer&hellip;<\/p>\n","protected":false},"author":1,"featured_media":0,"parent":13,"menu_order":0,"comment_status":"closed","ping_status":"closed","template":"","meta":{"jetpack_post_was_ever_published":false,"footnotes":""},"class_list":["post-31","page","type-page","status-publish","hentry"],"jetpack_sharing_enabled":true,"jetpack_shortlink":"https:\/\/wp.me\/P73DfO-v","jetpack-related-posts":[],"_links":{"self":[{"href":"https:\/\/falken-rlp.de\/index.php?rest_route=\/wp\/v2\/pages\/31","targetHints":{"allow":["GET"]}}],"collection":[{"href":"https:\/\/falken-rlp.de\/index.php?rest_route=\/wp\/v2\/pages"}],"about":[{"href":"https:\/\/falken-rlp.de\/index.php?rest_route=\/wp\/v2\/types\/page"}],"author":[{"embeddable":true,"href":"https:\/\/falken-rlp.de\/index.php?rest_route=\/wp\/v2\/users\/1"}],"replies":[{"embeddable":true,"href":"https:\/\/falken-rlp.de\/index.php?rest_route=%2Fwp%2Fv2%2Fcomments&post=31"}],"version-history":[{"count":2,"href":"https:\/\/falken-rlp.de\/index.php?rest_route=\/wp\/v2\/pages\/31\/revisions"}],"predecessor-version":[{"id":153,"href":"https:\/\/falken-rlp.de\/index.php?rest_route=\/wp\/v2\/pages\/31\/revisions\/153"}],"up":[{"embeddable":true,"href":"https:\/\/falken-rlp.de\/index.php?rest_route=\/wp\/v2\/pages\/13"}],"wp:attachment":[{"href":"https:\/\/falken-rlp.de\/index.php?rest_route=%2Fwp%2Fv2%2Fmedia&parent=31"}],"curies":[{"name":"wp","href":"https:\/\/api.w.org\/{rel}","templated":true}]}}