{"id":3175,"date":"2021-10-19T13:31:02","date_gmt":"2021-10-19T13:31:02","guid":{"rendered":"https:\/\/www.falken-rlp.de\/?page_id=3175"},"modified":"2026-02-20T15:57:10","modified_gmt":"2026-02-20T15:57:10","slug":"spenden","status":"publish","type":"page","link":"https:\/\/falken-rlp.de\/?page_id=3175","title":{"rendered":"Spenden"},"content":{"rendered":"\n<h3 class=\"wp-block-heading\">M\u00f6chtest du uns unterst\u00fctzen?<br><\/h3>\n\n\n\n<p>Wie w\u00e4re es mit einer Spende?<br><br>Leider leben wir noch nicht in der befreiten Gesellschaft und sind noch immer auf finanzielle Unterst\u00fctzung angewiesen. Als Arbeiter*innen Jugendverband ist es uns ein wichtiges Anliegen allen Kindern und Jugendlichen, Unabh\u00e4ngig von ihrer finanziellen Situation, die Teilnahme an unserem Zeltlager zu erm\u00f6glichen.<br>Mit einem Teilnahmebeitrag in H\u00f6he von 350 Euro kalkulieren wir hart an der Grenze \u2013 eigentlich schon jenseits der Grenze \u2013 des f\u00fcr unseren Landesverband stemmbaren Budgets. Wir nehmen dieses Risiko aber gerne in Kauf, in dem Bewusstsein, dass eine Gesellschaft ver\u00e4ndert werden kann. Deswegen bitten wir Dich, uns mit einer Spende zu unterst\u00fctzen.<\/p>\n\n\n\n<p>F\u00fcr 50 \u20ac hilfst du uns zum Beispiel, Bastel- und Spielmaterialien f\u00fcr unser Workshop-Programm zu kaufen.<\/p>\n\n\n\n<p>F\u00fcr 100 \u20ac k\u00f6nnen wir zum Beispiel Schlafs\u00e4cke und Isomatten f\u00fcr Kinder, die keine besitzen, bereitstellen.<\/p>\n\n\n\n<p>Mit 150 \u20ac unterst\u00fctzt Du zum Beispiel die Kosten f\u00fcr unsere Infrastruktur wie Zelte und K\u00fcchenmaterialien.<\/p>\n\n\n\n<p>Mit 200 \u20ac k\u00f6nnen wir beispielsweise ein Schlafzelt f\u00fcr 8 Kinder mieten.<\/p>\n\n\n\n<p>F\u00fcr 350 \u20ac kann die Teilnahme eines weiteren Kindes finanziert werden.<\/p>\n\n\n\n<p>Jede Spende, egal wie hoch, erm\u00f6glicht den Kindern, Jugendlichen und ehrenamtlichen Helfer<em>innen ein unvergessliches Zeltlager! Als Spender<\/em>in oder Pat*in erh\u00e4ltst du selbstverst\u00e4ndlich eine Spendenquittung und viele bunte Anekdoten von unseren Abenteuern!<\/p>\n\n\n\n<p><\/p>\n\n\n\n<p><\/p>\n\n\n\n<p>Spenden unter:<\/p>\n\n\n\n<p>Raiffeisenbank in Rheinhessen eG<\/p>\n\n\n\n<p>IBAN: DE21 5506 0611 0000 2565 36<\/p>\n\n\n\n<p>BIC: GENODE51MZ6<\/p>\n","protected":false},"excerpt":{"rendered":"<p>M\u00f6chtest du uns unterst\u00fctzen? Wie w\u00e4re es mit einer Spende? Leider leben wir noch nicht in der befreiten Gesellschaft und&hellip;<\/p>\n","protected":false},"author":8,"featured_media":0,"parent":8,"menu_order":1,"comment_status":"closed","ping_status":"closed","template":"","meta":{"jetpack_post_was_ever_published":false,"footnotes":""},"class_list":["post-3175","page","type-page","status-publish","hentry"],"jetpack_sharing_enabled":true,"jetpack_shortlink":"https:\/\/wp.me\/P73DfO-Pd","jetpack-related-posts":[],"_links":{"self":[{"href":"https:\/\/falken-rlp.de\/index.php?rest_route=\/wp\/v2\/pages\/3175","targetHints":{"allow":["GET"]}}],"collection":[{"href":"https:\/\/falken-rlp.de\/index.php?rest_route=\/wp\/v2\/pages"}],"about":[{"href":"https:\/\/falken-rlp.de\/index.php?rest_route=\/wp\/v2\/types\/page"}],"author":[{"embeddable":true,"href":"https:\/\/falken-rlp.de\/index.php?rest_route=\/wp\/v2\/users\/8"}],"replies":[{"embeddable":true,"href":"https:\/\/falken-rlp.de\/index.php?rest_route=%2Fwp%2Fv2%2Fcomments&post=3175"}],"version-history":[{"count":3,"href":"https:\/\/falken-rlp.de\/index.php?rest_route=\/wp\/v2\/pages\/3175\/revisions"}],"predecessor-version":[{"id":3832,"href":"https:\/\/falken-rlp.de\/index.php?rest_route=\/wp\/v2\/pages\/3175\/revisions\/3832"}],"up":[{"embeddable":true,"href":"https:\/\/falken-rlp.de\/index.php?rest_route=\/wp\/v2\/pages\/8"}],"wp:attachment":[{"href":"https:\/\/falken-rlp.de\/index.php?rest_route=%2Fwp%2Fv2%2Fmedia&parent=3175"}],"curies":[{"name":"wp","href":"https:\/\/api.w.org\/{rel}","templated":true}]}}