{"id":37,"date":"2016-01-03T17:23:54","date_gmt":"2016-01-03T17:23:54","guid":{"rendered":"https:\/\/www.falken-rlp.de\/?page_id=37"},"modified":"2016-01-31T04:16:25","modified_gmt":"2016-01-31T04:16:25","slug":"faire-ausbildung","status":"publish","type":"page","link":"https:\/\/falken-rlp.de\/?page_id=37","title":{"rendered":"Faire Ausbildung!"},"content":{"rendered":"<h2>Ausbildungspl\u00e4tze<\/h2>\n<p>Wir fordern, dass alle Jugendlichen einen Ausbildungsplatz im dualen System nach ihren W\u00fcnschen erhalten.<\/p>\n<p>Der Ausbildungspakt von Regierung und Unternehmen ist gescheitert: Zehntausende junger Menschen haben auch in diesem Jahr keine Lehrstelle.<br \/>\nUnd: Die Ausbildungsplatzl\u00fccke wird gr\u00f6\u00dfer.<br \/>\nDeshalb fordern wir, endlich die unter Rot-Gr\u00fcn beschlossene Ausbildungsumlage zur Anwendung zu bringen, damit die Betriebe, die nicht ausbilden, zur Verantwortung gezogen werden.<\/p>\n<p>Die Qualit\u00e4t der Ausbildung ist genauso wichtig: Deshalb fordern wir eine gute schulische Bildung im Rahmen der dualen Berufsausbildung, unter anderem mit kleinen Klassen und ohne Stundenausfall.<br \/>\nAuch im Betrieb muss die Qualit\u00e4t der Ausbildung hoch sein: Kaffee kochen und kopieren d\u00fcrfen nicht die Hauptteile der Ausbildung sein.<\/p>\n<p>Solange noch nicht alle Jugendlichen einen Ausbildungsplatz bekommen, setzen wir uns daf\u00fcr ein, sie in wirklich sinnvollen &#8222;Ma\u00dfnahmen&#8220;, wie das neue EQJ zu qualifizieren, anstatt eine Besch\u00e4ftigungstherapie zu machen.<\/p>\n","protected":false},"excerpt":{"rendered":"<p>Ausbildungspl\u00e4tze Wir fordern, dass alle Jugendlichen einen Ausbildungsplatz im dualen System nach ihren W\u00fcnschen erhalten. Der Ausbildungspakt von Regierung und&hellip;<\/p>\n","protected":false},"author":1,"featured_media":0,"parent":13,"menu_order":0,"comment_status":"closed","ping_status":"closed","template":"","meta":{"jetpack_post_was_ever_published":false,"footnotes":""},"class_list":["post-37","page","type-page","status-publish","hentry"],"jetpack_sharing_enabled":true,"jetpack_shortlink":"https:\/\/wp.me\/P73DfO-B","jetpack-related-posts":[],"_links":{"self":[{"href":"https:\/\/falken-rlp.de\/index.php?rest_route=\/wp\/v2\/pages\/37","targetHints":{"allow":["GET"]}}],"collection":[{"href":"https:\/\/falken-rlp.de\/index.php?rest_route=\/wp\/v2\/pages"}],"about":[{"href":"https:\/\/falken-rlp.de\/index.php?rest_route=\/wp\/v2\/types\/page"}],"author":[{"embeddable":true,"href":"https:\/\/falken-rlp.de\/index.php?rest_route=\/wp\/v2\/users\/1"}],"replies":[{"embeddable":true,"href":"https:\/\/falken-rlp.de\/index.php?rest_route=%2Fwp%2Fv2%2Fcomments&post=37"}],"version-history":[{"count":2,"href":"https:\/\/falken-rlp.de\/index.php?rest_route=\/wp\/v2\/pages\/37\/revisions"}],"predecessor-version":[{"id":160,"href":"https:\/\/falken-rlp.de\/index.php?rest_route=\/wp\/v2\/pages\/37\/revisions\/160"}],"up":[{"embeddable":true,"href":"https:\/\/falken-rlp.de\/index.php?rest_route=\/wp\/v2\/pages\/13"}],"wp:attachment":[{"href":"https:\/\/falken-rlp.de\/index.php?rest_route=%2Fwp%2Fv2%2Fmedia&parent=37"}],"curies":[{"name":"wp","href":"https:\/\/api.w.org\/{rel}","templated":true}]}}