{"id":39,"date":"2016-01-03T17:24:15","date_gmt":"2016-01-03T17:24:15","guid":{"rendered":"https:\/\/www.falken-rlp.de\/?page_id=39"},"modified":"2021-10-19T13:24:19","modified_gmt":"2021-10-19T13:24:19","slug":"mitmischen-possible","status":"publish","type":"page","link":"https:\/\/falken-rlp.de\/?page_id=39","title":{"rendered":"Einmischen possible!"},"content":{"rendered":"<h2>Mitbestimmung f\u00fcr alle<\/h2>\n<p>Kinder und Jugendliche haben das Recht, die Gesellschaft, in der sie leben und aufwachsen, aktiv mitzugestalten. Dieses Recht ist gesetzlich\u00a0verankert im Kinder- und Jugendhilfegesetz oder in der\u00a0 UN-Kinderrechtskonvention.<\/p>\n<p>Wer Partizipation von Heranwachsenden ernst meint, missbraucht sie nicht\u00a0 f\u00fcr Wahlkampfaktionen. Es geht um wirkliche, demokratisch legitimierte\u00a0Mitbestimmung. Unabh\u00e4ngig von Herkunft, Geschlecht und Alter darf jede\/r\u00a0 dort mitbestimmen, wo Entscheidungen \u00fcber seine\/ihre Zukunft gef\u00e4llt\u00a0 werden.<\/p>\n<p>So stellen wir uns das vor: Bei Partizipation geht es nicht nur um &#8222;Anh\u00f6rung&#8220;, es muss wirklich etwas zu entscheiden und zu gestalten geben. Und zwar von Anfang an! Alle Beteiligten brauchen auch alle Informationen. Jugendliche und besonders Kinder brauchen Zeit, um sich inhaltlich auf die Entscheidung vorzubereiten. Unterst\u00fctzung gibt es von kompetenten VermittlerInnen. Die Ergebnisse der Beteiligung sind f\u00fcr alle nachvollziehbar und werden von Politik und Verwaltung tats\u00e4chlich ber\u00fccksichtigt!<\/p>\n<h2>Einmischen possible!<\/h2>\n<p>Nichts geschieht in dieser Gesellschaft von selbst. Wenn wir etwas\u00a0durchsetzen wollen, m\u00fcssen wir uns zusammenschlie\u00dfen. Erwachsene tun dies u.a. in Parteien, B\u00fcrgerinitiativen oder Interessenverb\u00e4nden. Kinder und Jugendliche organisieren sich freiwillig in Jugendverb\u00e4nden, um ihren Anliegen Geh\u00f6r zu verschaffen. Hier werden Demokratie und Interessenvertretung unmittelbar erfahrbar. Hier kann man lernen, Interessen zu artikulieren, durchzusetzen und Konflikte friedlich zu regeln.<\/p>\n<p>Jugendverb\u00e4nde m\u00fcssen entsprechend des Kinder- und Jugendhilfegesetzes an finanziellen und Inhaltlichen Entscheidungen zur kommunalen Jugendarbeit beteiligt werden.<\/p>\n<p>Damit Kinder ihr Lebensumfeld mitgestalten k\u00f6nnen, fordern wir die Verankerung der Kindermitbestimmung in den Gemeindeordnungen.<\/p>\n<p>Damit Schule von allen gestaltet wird, fordern wir die rechtliche Absicherung von Sch\u00fclerInnenvertretungen mit eigenen Mitspracherechten bundesweit.<\/p>\n<p>Damit Jugendliche die Wahl haben, fordern wir die Absenkung des Wahlalters auf 16 Jahre.<\/p>\n","protected":false},"excerpt":{"rendered":"<p>Mitbestimmung f\u00fcr alle Kinder und Jugendliche haben das Recht, die Gesellschaft, in der sie leben und aufwachsen, aktiv mitzugestalten. Dieses&hellip;<\/p>\n","protected":false},"author":1,"featured_media":0,"parent":13,"menu_order":0,"comment_status":"closed","ping_status":"closed","template":"","meta":{"jetpack_post_was_ever_published":false,"footnotes":""},"class_list":["post-39","page","type-page","status-publish","hentry"],"jetpack_sharing_enabled":true,"jetpack_shortlink":"https:\/\/wp.me\/P73DfO-D","jetpack-related-posts":[],"_links":{"self":[{"href":"https:\/\/falken-rlp.de\/index.php?rest_route=\/wp\/v2\/pages\/39","targetHints":{"allow":["GET"]}}],"collection":[{"href":"https:\/\/falken-rlp.de\/index.php?rest_route=\/wp\/v2\/pages"}],"about":[{"href":"https:\/\/falken-rlp.de\/index.php?rest_route=\/wp\/v2\/types\/page"}],"author":[{"embeddable":true,"href":"https:\/\/falken-rlp.de\/index.php?rest_route=\/wp\/v2\/users\/1"}],"replies":[{"embeddable":true,"href":"https:\/\/falken-rlp.de\/index.php?rest_route=%2Fwp%2Fv2%2Fcomments&post=39"}],"version-history":[{"count":4,"href":"https:\/\/falken-rlp.de\/index.php?rest_route=\/wp\/v2\/pages\/39\/revisions"}],"predecessor-version":[{"id":3248,"href":"https:\/\/falken-rlp.de\/index.php?rest_route=\/wp\/v2\/pages\/39\/revisions\/3248"}],"up":[{"embeddable":true,"href":"https:\/\/falken-rlp.de\/index.php?rest_route=\/wp\/v2\/pages\/13"}],"wp:attachment":[{"href":"https:\/\/falken-rlp.de\/index.php?rest_route=%2Fwp%2Fv2%2Fmedia&parent=39"}],"curies":[{"name":"wp","href":"https:\/\/api.w.org\/{rel}","templated":true}]}}