{"id":41,"date":"2016-01-03T17:24:34","date_gmt":"2016-01-03T17:24:34","guid":{"rendered":"https:\/\/www.falken-rlp.de\/?page_id=41"},"modified":"2016-01-31T04:17:19","modified_gmt":"2016-01-31T04:17:19","slug":"ndc","status":"publish","type":"page","link":"https:\/\/falken-rlp.de\/?page_id=41","title":{"rendered":"NDC"},"content":{"rendered":"<div class=\"ce_text block\">\n<div class=\"csc-header csc-header-n1\">\n<h2 class=\"csc-firstHeader\">St\u00e4rkere F\u00f6rderung von demokratiep\u00e4dagogischer Arbeit<\/h2>\n<\/div>\n<p class=\"bodytext\">Eine angemessene F\u00f6rderung antifaschistischer und antirassistischer Arbeit, die st\u00e4rkere Verankerung von demokratischem und solidarischem Denken in unserer Gesellschaft ist unerl\u00e4sslich f\u00fcr den Schutz von Demokratie und f\u00fcr ein friedliches Zusammenleben.<\/p>\n<p class=\"bodytext\">Unser Verband ist Mitglied des <a href=\"http:\/\/www.netzwerk-courage.de\/navigation\/152.html\">&#8222;Netzwerkes f\u00fcr Demokratie und Courage&#8220;<\/a> in Rheinland-Pfalz (NDC), das unter der Schirmherrschaft von Ministerpr\u00e4sident Beck steht. Seit entstehen des Netzwerkes hat sich erwiesen, dass es gute antifaschistische und demokratiep\u00e4dagogische Arbeit leistet, dass es die richtige Methodik entwickelt hat, um junge Menschen anzusprechen und sie zu couragiertem und solidarischem Handeln zu motivieren. Aber auch das NDC ist seit seiner Entstehung immer wieder in finanzieller Notlage und muss auch jetzt um die Weiterfinanzierung seiner Arbeit f\u00fcrchten.<\/p>\n<p class=\"bodytext\"><strong>Wir fordern<\/strong>:<\/p>\n<ul>\n<li>Eine st\u00e4rkere F\u00f6rderung demokratiep\u00e4dagogischer Arbeit. Statt Milliarden von Euro f\u00fcr Bundeswehr-Eins\u00e4tze zur Verf\u00fcgung zu stellen, um in anderen L\u00e4ndern &#8222;Demokratie zu schaffen&#8220;, sollte mehr Konzentration darauf liegen, erstmal im unserer Gesellschaft ernst zu nehmende demokratische Strukturen zu schaffen.<\/li>\n<li>Eine SEHR starke Aufstockung des Etats f\u00fcr antifaschistische und antirassistische Arbeit.<\/li>\n<li>Eine st\u00e4rkere Verankerung von demokratischer Bildung in Kinderg\u00e4rten, Schulen, Berufsschulen und Universit\u00e4ten.<\/li>\n<li>Eine finanziell ausreichende F\u00f6rderung des &#8222;Netzwerkes f\u00fcr Demokratie und Courage&#8220; (in Rheinland-Pfalz und bundesweit), sowie von anderen demokratischen und antifaschistischen Verb\u00e4nden und Organisationen.<\/li>\n<\/ul>\n<\/div>\n","protected":false},"excerpt":{"rendered":"<p>St\u00e4rkere F\u00f6rderung von demokratiep\u00e4dagogischer Arbeit Eine angemessene F\u00f6rderung antifaschistischer und antirassistischer Arbeit, die st\u00e4rkere Verankerung von demokratischem und solidarischem Denken&hellip;<\/p>\n","protected":false},"author":1,"featured_media":0,"parent":13,"menu_order":0,"comment_status":"closed","ping_status":"closed","template":"","meta":{"jetpack_post_was_ever_published":false,"footnotes":""},"class_list":["post-41","page","type-page","status-publish","hentry"],"jetpack_sharing_enabled":true,"jetpack_shortlink":"https:\/\/wp.me\/P73DfO-F","jetpack-related-posts":[],"_links":{"self":[{"href":"https:\/\/falken-rlp.de\/index.php?rest_route=\/wp\/v2\/pages\/41","targetHints":{"allow":["GET"]}}],"collection":[{"href":"https:\/\/falken-rlp.de\/index.php?rest_route=\/wp\/v2\/pages"}],"about":[{"href":"https:\/\/falken-rlp.de\/index.php?rest_route=\/wp\/v2\/types\/page"}],"author":[{"embeddable":true,"href":"https:\/\/falken-rlp.de\/index.php?rest_route=\/wp\/v2\/users\/1"}],"replies":[{"embeddable":true,"href":"https:\/\/falken-rlp.de\/index.php?rest_route=%2Fwp%2Fv2%2Fcomments&post=41"}],"version-history":[{"count":2,"href":"https:\/\/falken-rlp.de\/index.php?rest_route=\/wp\/v2\/pages\/41\/revisions"}],"predecessor-version":[{"id":161,"href":"https:\/\/falken-rlp.de\/index.php?rest_route=\/wp\/v2\/pages\/41\/revisions\/161"}],"up":[{"embeddable":true,"href":"https:\/\/falken-rlp.de\/index.php?rest_route=\/wp\/v2\/pages\/13"}],"wp:attachment":[{"href":"https:\/\/falken-rlp.de\/index.php?rest_route=%2Fwp%2Fv2%2Fmedia&parent=41"}],"curies":[{"name":"wp","href":"https:\/\/api.w.org\/{rel}","templated":true}]}}