{"id":8,"date":"2016-01-03T17:13:56","date_gmt":"2016-01-03T17:13:56","guid":{"rendered":"https:\/\/www.falken-rlp.de\/?page_id=8"},"modified":"2022-01-17T19:42:41","modified_gmt":"2022-01-17T19:42:41","slug":"mitmachen","status":"publish","type":"page","link":"https:\/\/falken-rlp.de\/?page_id=8","title":{"rendered":"Mitmachen"},"content":{"rendered":"<div class=\"ce_text block\">\n<h2 class=\"western\">Hier kannst du bei uns mitmachen&#8230;<\/h2>\n<p>Wir Falken sind ein Mitmach-Verband und suchen immer nette Menschen, die Spa\u00df haben, selbstst\u00e4ndig ihre Freizeit zu gestalten oder politisch aktiv zu werden. Dazu gibt es verschiedene M\u00f6glichkeiten.<\/p>\n<p><strong>Schau doch einfach <a href=\"https:\/\/www.falken-rlp.de\/events\/\">hier<\/a> vorbei<\/strong><\/p>\n<p>Au\u00dferdem sind unten die wichtigsten Sachen aufgelistet, die wir machen:<\/p>\n<p><strong>Freizeiten f\u00fcr Kinder und Jugendliche: <\/strong><\/p>\n<p>Wir fahren mehrmals im Jahr mit Kindern und Jugendlichen auf <a href=\"https:\/\/www.falken-rlp.de\/events\/\">Freizeiten<\/a>. In den k\u00e4lteren Jahreszeiten finden diese in festen H\u00e4usern statt. Im Sommer fahren wir auf Zeltlager. Freizeiten und Zeltlager sind eine tolle Sache, um mit anderen Kindern bzw. Jugendlichen eine sch\u00f6ne Zeit zu verbringen, viele neue und interessante Dinge kenne zu lernen und den eigenen Horizont zu erweitern.<\/p>\n<p><strong>Politikseminare f\u00fcr Jugendliche:<\/strong><\/p>\n<p>Ein paarmal im Jahr fahren wir mit Jugendlichen \u00fcber ein Wochenende weg und besch\u00e4ftigen uns mit politischen Fragen. F\u00fcr uns ist klar, dass Politik etwas mit uns zu tun hat und das eine spannende Sache ist! So sind auch unsere Seminare keine trockenen Angelegenheiten, sondern wir besch\u00e4ftigen uns mit Themen, die mit uns zu tun haben. Und der Spa\u00df miteinander steht im Vordergrund.<\/p>\n<p><strong>Zeltlager-Vorbereitungsseminare und Juleica-Schulungen:<\/strong><\/p>\n<p>F\u00fcr die Betreuung von Kindern und die Zusammenarbeit mit Jugendlichen auf Zeltlagern und Freizeiten wollen wir gut vorbereitet sein. Deshalb bilden wir GruppenleiterInnen aus (die dann die bundesweit anerkannte JugendleiterInnen-Card bekommen). Auf mehreren Seminaren bereiten wir die Zeltlager und Freizeiten vor.<strong><br \/>\n<\/strong><\/p>\n<p><strong>Tagesseminare:<\/strong><\/p>\n<p><strong>\u00a0<\/strong>Des \u00f6fteren f\u00fchren wir Tagesveranstaltungen durch, bei denen es um politisch-soziale Themen geht oder bei denen wir unsere Aktivit\u00e4ten vor- und nachbereiten. Diese Seminare planen wir oft kurzfristig, je nach Bedarf und Zeit.<strong><br \/>\n<\/strong><\/p>\n<p><strong>Spielefeste:<\/strong><\/p>\n<p><strong>\u00a0<\/strong>Manchmal sind wir auf Spielefesten oder auf anderen gr\u00f6\u00dferen Veranstaltungen dabei und bieten Programm f\u00fcr Kinder an. Hier kann man sich ein bi\u00dfchen im Umgang mit Kindern \u00fcben, und wir machen unsere Arbeit bekannt.<strong><br \/>\n<\/strong><\/p>\n<p><strong>Demos und politische Veranstaltungen:<\/strong><\/p>\n<p><strong>\u00a0<\/strong>Wir rufen mit zu Demos auf oder f\u00fchren Veranstaltungen zu Themen, die uns unter den N\u00e4geln brennen, durch. Manchmal fahren wir auch einfach nur zusammen auf Demos oder zu Veranstaltungen.<\/p>\n<p><strong>Gruppenstunde f\u00fcr Kinder:<\/strong><\/p>\n<p><strong>\u00a0<\/strong>In manchen Ortsverb\u00e4nden bieten wir Gruppenstunden an. Wenn ihr Interesse daran habt, wendet euch bitte an die jeweiligen Verb\u00e4nde vor Ort.<\/p>\n<p><strong>Vor Ort :<\/strong><\/p>\n<p>Ein wichtiger Aspekt unserer Arbeit ist es, vor Ort Angebote f\u00fcr Kinder und Jugendliche zu organisieren. Dazu dient die Struktur der Orts- und Stadtverb\u00e4nde. <a href=\"https:\/\/www.falken-rlp.de\/sample-page\/vor-ort\/\">Hier<\/a> findest Du einen Link zu unseren bestehenden Gliederungen. Falls Du Lust haben solltest selbst die Gr\u00fcndung einer Gruppe in die Hand zu nehmen, setze Dich gerne f\u00fcr Unterst\u00fctzung mit unserm Landesb\u00fcro in Verbindung.<\/p>\n<\/div>\n","protected":false},"excerpt":{"rendered":"<p>Hier kannst du bei uns mitmachen&#8230; Wir Falken sind ein Mitmach-Verband und suchen immer nette Menschen, die Spa\u00df haben, selbstst\u00e4ndig&hellip;<\/p>\n","protected":false},"author":1,"featured_media":0,"parent":0,"menu_order":0,"comment_status":"closed","ping_status":"closed","template":"","meta":{"jetpack_post_was_ever_published":false,"footnotes":""},"class_list":["post-8","page","type-page","status-publish","hentry"],"jetpack_sharing_enabled":true,"jetpack_shortlink":"https:\/\/wp.me\/P73DfO-8","jetpack-related-posts":[],"_links":{"self":[{"href":"https:\/\/falken-rlp.de\/index.php?rest_route=\/wp\/v2\/pages\/8","targetHints":{"allow":["GET"]}}],"collection":[{"href":"https:\/\/falken-rlp.de\/index.php?rest_route=\/wp\/v2\/pages"}],"about":[{"href":"https:\/\/falken-rlp.de\/index.php?rest_route=\/wp\/v2\/types\/page"}],"author":[{"embeddable":true,"href":"https:\/\/falken-rlp.de\/index.php?rest_route=\/wp\/v2\/users\/1"}],"replies":[{"embeddable":true,"href":"https:\/\/falken-rlp.de\/index.php?rest_route=%2Fwp%2Fv2%2Fcomments&post=8"}],"version-history":[{"count":4,"href":"https:\/\/falken-rlp.de\/index.php?rest_route=\/wp\/v2\/pages\/8\/revisions"}],"predecessor-version":[{"id":3353,"href":"https:\/\/falken-rlp.de\/index.php?rest_route=\/wp\/v2\/pages\/8\/revisions\/3353"}],"wp:attachment":[{"href":"https:\/\/falken-rlp.de\/index.php?rest_route=%2Fwp%2Fv2%2Fmedia&parent=8"}],"curies":[{"name":"wp","href":"https:\/\/api.w.org\/{rel}","templated":true}]}}